{"id":176,"date":"2026-03-15T16:22:03","date_gmt":"2026-03-15T16:22:03","guid":{"rendered":"https:\/\/tierfotografie-schweiz.ch\/?page_id=176"},"modified":"2026-03-26T17:53:36","modified_gmt":"2026-03-26T17:53:36","slug":"about-me","status":"publish","type":"page","link":"https:\/\/tierfotografie-schweiz.ch\/?page_id=176","title":{"rendered":"about me"},"content":{"rendered":"<p>[et_pb_section fb_built=&#8220;1&#8243; admin_label=&#8220;Header&#8220; _builder_version=&#8220;4.22.1&#8243; _module_preset=&#8220;default&#8220; collapsed=&#8220;on&#8220; global_colors_info=&#8220;{}&#8220;][et_pb_row column_structure=&#8220;1_2,1_2&#8243; _builder_version=&#8220;4.23.2&#8243; _module_preset=&#8220;default&#8220; global_colors_info=&#8220;{}&#8220;][et_pb_column type=&#8220;1_2&#8243; _builder_version=&#8220;4.22.1&#8243; _module_preset=&#8220;default&#8220; global_colors_info=&#8220;{}&#8220;][et_pb_text _builder_version=&#8220;4.22.1&#8243; _module_preset=&#8220;_initial&#8220; header_font=&#8220;Oswald|700||on|||||&#8220; header_font_size=&#8220;5vw&#8220; header_line_height=&#8220;1.2em&#8220; custom_margin=&#8220;||10px||false|false&#8220; global_colors_info=&#8220;{}&#8220;]<\/p>\n<h1>About Me<\/h1>\n<p>[\/et_pb_text][et_pb_text _builder_version=&#8220;4.27.6&#8243; _module_preset=&#8220;_initial&#8220; header_6_font=&#8220;Oswald|700||on|||||&#8220; header_6_font_size=&#8220;16px&#8220; header_6_line_height=&#8220;1.4em&#8220; text_orientation=&#8220;center&#8220; header_6_font_size_tablet=&#8220;15px&#8220; header_6_font_size_phone=&#8220;14px&#8220; header_6_font_size_last_edited=&#8220;on|desktop&#8220; locked=&#8220;off&#8220; global_colors_info=&#8220;{}&#8220;]<\/p>\n<h6 style=\"text-align: left;\">Am liebsten bin ich dort, wo der Handyempfang schwindet und die Verbindung zur Natur w\u00e4chst.<\/h6>\n<p>[\/et_pb_text][et_pb_text _builder_version=&#8220;4.27.6&#8243; _module_preset=&#8220;_initial&#8220; text_font=&#8220;Lato||||||||&#8220; text_font_size=&#8220;16px&#8220; text_line_height=&#8220;1.8em&#8220; text_font_size_tablet=&#8220;15px&#8220; text_font_size_phone=&#8220;14px&#8220; text_font_size_last_edited=&#8220;on|desktop&#8220; global_colors_info=&#8220;{}&#8220;]<\/p>\n<p>Mein Herz schl\u00e4gt f\u00fcr die raue Sch\u00f6nheit der Schweizer Alpen und f\u00fcr die ehrlichen Momente, die wir dort oben mit unseren Tieren teilen. Draussen zu sein bedeutet f\u00fcr mich weit mehr als nur frische Luft \u2013 es ist die Stille, die es erlaubt, Gedanken einfach ziehen zu lassen, und das Gef\u00fchl von gesundem Stolz am Ende eines langen Tages in den Bergen.<\/p>\n<p data-path-to-node=\"6\">Die Kamera ist dabei meine st\u00e4ndige Begleiterin. Auch wenn ich privat unterwegs bin, halte ich die Augen offen f\u00fcr das Licht und die Magie des Augenblicks. Viele dieser Erlebnisse h\u00e4ngen als grossformatige Bilder an meinen eigenen W\u00e4nden zu Hause. Sie sind f\u00fcr mich weit mehr als Dekoration: Sie sind Ankerpunkte, die mich an besondere Wege erinnern. Denn nicht jeder Moment in der Natur ist nur \u201esch\u00f6n\u201c \u2013 manche sind herausfordernd, lassen uns wachsen und zeigen uns erst dadurch den richtigen Weg.<\/p>\n<p data-path-to-node=\"7\">Ich liebe Tiere \u00fcber alles und weiss um die tiefe Verbindung, die wir zu unseren Begleitern auf vier Pfoten oder Hufen haben. Genau dieses Gef\u00fchl m\u00f6chte ich dir zur\u00fcckgeben. Ich m\u00f6chte dir den Raum geben, solche intensiven Erlebnisse mit deinem Tier bewusst zu geniessen und sie gleichzeitig in Bildern festzuhalten, die diese grossen Momente unverg\u00e4nglich machen.<\/p>\n<p data-path-to-node=\"8\">Mein Ziel ist es, dass du dich noch Jahre sp\u00e4ter vor dein Wandbild stellst und nicht nur ein Foto siehst, sondern das Gef\u00fchl der Freiheit, den Wind in den Bergen und die bedingungslose N\u00e4he zu deinem Tier wieder sp\u00fcrst.<\/p>\n<p>[\/et_pb_text][et_pb_social_media_follow icon_color=&#8220;gcid-fb7185f0-febc-426c-87a9-b6e9798849ab&#8220; _builder_version=&#8220;4.27.6&#8243; _module_preset=&#8220;default&#8220; global_colors_info=&#8220;{%22gcid-fb7185f0-febc-426c-87a9-b6e9798849ab%22:%91%22icon_color%22%93}&#8220;][et_pb_social_media_follow_network social_network=&#8220;facebook&#8220; url=&#8220;https:\/\/www.facebook.com\/share\/1GfgyZWC9v\/&#8220; _builder_version=&#8220;4.27.6&#8243; _module_preset=&#8220;default&#8220; global_colors_info=&#8220;{}&#8220; follow_button=&#8220;off&#8220; url_new_window=&#8220;on&#8220;]facebook[\/et_pb_social_media_follow_network][et_pb_social_media_follow_network social_network=&#8220;instagram&#8220; url=&#8220;http:\/\/instagram.com\/tierfotografie_schweiz&#8220; _builder_version=&#8220;4.27.6&#8243; _module_preset=&#8220;default&#8220; global_colors_info=&#8220;{}&#8220; follow_button=&#8220;off&#8220; url_new_window=&#8220;on&#8220;]instagram[\/et_pb_social_media_follow_network][\/et_pb_social_media_follow][\/et_pb_column][et_pb_column type=&#8220;1_2&#8243; _builder_version=&#8220;4.22.1&#8243; _module_preset=&#8220;default&#8220; global_colors_info=&#8220;{}&#8220;][et_pb_image src=&#8220;https:\/\/tierfotografie-schweiz.ch\/wp-content\/uploads\/2026\/03\/1000142223.jpg&#8220; alt=&#8220;Die Fotografin &#8211; der kreative Kopf dahinter&#8220; title_text=&#8220;Die Fotografin &#8211; der kreative Kopf dahinter&#8220; _builder_version=&#8220;4.27.6&#8243; _module_preset=&#8220;default&#8220; custom_margin=&#8220;|-10vw|||false|false&#8220; custom_margin_tablet=&#8220;|0vw|||false|false&#8220; custom_margin_phone=&#8220;|0vw|||false|false&#8220; custom_margin_last_edited=&#8220;on|tablet&#8220; global_colors_info=&#8220;{}&#8220;][\/et_pb_image][\/et_pb_column][\/et_pb_row][\/et_pb_section][et_pb_section fb_built=&#8220;1&#8243; admin_label=&#8220;Call to Action&#8220; _builder_version=&#8220;4.27.6&#8243; _module_preset=&#8220;default&#8220; overflow-x=&#8220;hidden&#8220; overflow-y=&#8220;hidden&#8220; locked=&#8220;off&#8220; collapsed=&#8220;on&#8220; global_colors_info=&#8220;{}&#8220;][et_pb_row column_structure=&#8220;1_4,3_4&#8243; custom_padding_last_edited=&#8220;on|tablet&#8220; _builder_version=&#8220;4.22.1&#8243; _module_preset=&#8220;default&#8220; custom_padding_tablet=&#8220;||0px||false|false&#8220; custom_padding_phone=&#8220;||0px||false|false&#8220; global_colors_info=&#8220;{}&#8220;][et_pb_column type=&#8220;1_4&#8243; _builder_version=&#8220;4.22.1&#8243; _module_preset=&#8220;default&#8220; global_colors_info=&#8220;{}&#8220;][\/et_pb_column][et_pb_column type=&#8220;3_4&#8243; _builder_version=&#8220;4.22.1&#8243; _module_preset=&#8220;default&#8220; global_colors_info=&#8220;{}&#8220;][et_pb_image src=&#8220;https:\/\/tierfotografie-schweiz.ch\/wp-content\/uploads\/2026\/02\/Portrait-Helen.jpg&#8220; alt=&#8220;Portrait Helen&#8220; title_text=&#8220;Portrait Helen&#8220; align=&#8220;center&#8220; _builder_version=&#8220;4.27.6&#8243; _module_preset=&#8220;default&#8220; custom_margin=&#8220;|-20%|-40%||false|false&#8220; custom_margin_tablet=&#8220;|0%|0%||false|false&#8220; custom_margin_phone=&#8220;|0%|0%||false|false&#8220; custom_margin_last_edited=&#8220;on|tablet&#8220; scroll_horizontal_motion_enable=&#8220;on&#8220; scroll_horizontal_motion=&#8220;0|50|50|100|-0.5|0|0.5&#8243; global_colors_info=&#8220;{}&#8220;][\/et_pb_image][\/et_pb_column][\/et_pb_row][et_pb_row column_structure=&#8220;2_3,1_3&#8243; _builder_version=&#8220;4.22.1&#8243; _module_preset=&#8220;default&#8220; global_colors_info=&#8220;{}&#8220;][et_pb_column type=&#8220;2_3&#8243; _builder_version=&#8220;4.22.1&#8243; _module_preset=&#8220;default&#8220; background_color=&#8220;gcid-0a41bebc-0107-48f7-8173-6190cad71074&#8243; custom_padding=&#8220;40px|40px|40px|40px|true|true&#8220; custom_padding_tablet=&#8220;30px|30px|30px|30px|true|true&#8220; custom_padding_phone=&#8220;20px|20px|20px|20px|true|true&#8220; custom_padding_last_edited=&#8220;on|desktop&#8220; global_colors_info=&#8220;{%22gcid-0a41bebc-0107-48f7-8173-6190cad71074%22:%91%22background_color%22%93}&#8220;][et_pb_text _builder_version=&#8220;4.27.6&#8243; _module_preset=&#8220;_initial&#8220; header_2_font=&#8220;Oswald|700||on|||||&#8220; header_2_text_color=&#8220;#000000&#8243; header_2_font_size=&#8220;52px&#8220; header_2_line_height=&#8220;1.2em&#8220; custom_margin=&#8220;||10px||false|false&#8220; header_2_font_size_tablet=&#8220;32px&#8220; header_2_font_size_phone=&#8220;20px&#8220; header_2_font_size_last_edited=&#8220;on|desktop&#8220; locked=&#8220;off&#8220; global_colors_info=&#8220;{}&#8220;]<\/p>\n<h2><span style=\"color: #333333;\">Auf ein Wort \u2013 Ein paar Einblicke<\/span><\/h2>\n<p>[\/et_pb_text][et_pb_text _builder_version=&#8220;4.27.6&#8243; _module_preset=&#8220;_initial&#8220; text_font=&#8220;Lato||||||||&#8220; text_text_color=&#8220;#000000&#8243; text_font_size=&#8220;16px&#8220; text_line_height=&#8220;1.8em&#8220; text_font_size_tablet=&#8220;15px&#8220; text_font_size_phone=&#8220;14px&#8220; text_font_size_last_edited=&#8220;on|desktop&#8220; locked=&#8220;off&#8220; global_colors_info=&#8220;{}&#8220;]<\/p>\n<ul>\n<li>\n<p data-path-to-node=\"3,0,0\"><span style=\"color: #333333;\"><b data-path-to-node=\"3,0,0\" data-index-in-node=\"0\">Licht-\u00c4sthetik &amp; Sternstunden:<\/b> Ich bin eine J\u00e4gerin des Lichts. Ob die erste goldene Stunde am Morgen oder das Vergl\u00fchen des Tages am Horizont \u2013 diese Momente sind f\u00fcr mich unersetzlich. Und wenn es dunkel wird? Dann beginnt f\u00fcr mich die K\u00f6nigsdisziplin: Die Milchstrassenfotografie. F\u00fcr die perfekte Sternenkonstellation \u00fcber den Gipfeln gebe ich alles.<\/span><\/p>\n<\/li>\n<li>\n<p data-path-to-node=\"3,1,0\"><span style=\"color: #333333;\"><b data-path-to-node=\"3,1,0\" data-index-in-node=\"0\">Wurzeln im Stall:<\/b> Meine Tierliebe ist nicht angelernt, sie ist gewachsen. Schon als Kind war ich mit unseren K\u00e4lbern auf Erkundungstour. Dieser urspr\u00fcngliche Stolz und die pure Verbindung zum Tier sind das Fundament, auf dem meine heutige Arbeit als Fotografin steht.<\/span><\/p>\n<\/li>\n<li>\n<p data-path-to-node=\"3,2,0\"><span style=\"color: #333333;\"><b data-path-to-node=\"3,2,0\" data-index-in-node=\"0\">Alpine Expertise:<\/b> Meine Heimat sind die rauen Pfade im Uri, die sonnigen T\u00e4ler des Tessins und die imposante Wildnis des Unterwallis. Besonders wenn im Herbst das L\u00e4rchengold die Berge entflammt, zieht es mich nach draussen. Ich kenne die Orte, die eure Geschichte zum Leuchten bringen.<\/span><\/p>\n<\/li>\n<li>\n<p data-path-to-node=\"3,3,0\"><span style=\"color: #333333;\"><b data-path-to-node=\"3,3,0\" data-index-in-node=\"0\">Pr\u00e4zision im Rucksack:<\/b> Ich \u00fcberlasse nichts dem Zufall. Neben meiner Ausr\u00fcstung geh\u00f6rt eine Rettungsdecke zur Standardausr\u00fcstung \u2013 denn wer die Berge liebt, respektiert ihre Unberechenbarkeit.<\/span><\/p>\n<\/li>\n<li>\n<p data-path-to-node=\"3,4,0\"><span style=\"color: #333333;\"><b data-path-to-node=\"3,4,0\" data-index-in-node=\"0\">Der Fokus auf Perfektion:<\/b> Ich liebe das Spiel mit den Kontrasten. Mein Herz schl\u00e4gt sowohl f\u00fcr die ungestellte, lebendige Reportage in der Natur als auch f\u00fcr das klassische High-End-Fotoshooting. Mit meinem Auge f\u00fcr Perfektion kreiere ich Aufnahmen, die mal die rohe Energie des Moments und mal die zeitlose Eleganz eines kunstvollen Portr\u00e4ts einfangen.<\/span><\/p>\n<\/li>\n<\/ul>\n<p>[\/et_pb_text][et_pb_button button_url=&#8220;@ET-DC@eyJkeW5hbWljIjp0cnVlLCJjb250ZW50IjoicG9zdF9saW5rX3VybF9wYWdlIiwic2V0dGluZ3MiOnsicG9zdF9pZCI6IjIxMyJ9fQ==@&#8220; button_text=&#8220;Bleiben wir in Kontakt&#8220; _builder_version=&#8220;4.27.6&#8243; _dynamic_attributes=&#8220;button_url&#8220; _module_preset=&#8220;_initial&#8220; custom_button=&#8220;on&#8220; button_text_size=&#8220;14px&#8220; button_text_color=&#8220;#000000&#8243; button_bg_color=&#8220;#FFFFFF&#8220; button_border_color=&#8220;#000000&#8243; button_border_radius=&#8220;100px&#8220; button_letter_spacing=&#8220;0.16em&#8220; button_font=&#8220;Oswald|700||on|||||&#8220; custom_padding=&#8220;18px|24px|18px|24px|true|true&#8220; box_shadow_style=&#8220;preset4&#8243; box_shadow_horizontal=&#8220;5px&#8220; box_shadow_vertical=&#8220;5px&#8220; box_shadow_color=&#8220;#acade8&#8243; locked=&#8220;off&#8220; global_colors_info=&#8220;{}&#8220;][\/et_pb_button][\/et_pb_column][et_pb_column type=&#8220;1_3&#8243; _builder_version=&#8220;4.22.1&#8243; _module_preset=&#8220;default&#8220; global_colors_info=&#8220;{}&#8220;][\/et_pb_column][\/et_pb_row][\/et_pb_section][et_pb_section fb_built=&#8220;1&#8243; custom_padding_last_edited=&#8220;off|tablet&#8220; admin_label=&#8220;Call to Action&#8220; _builder_version=&#8220;4.22.1&#8243; _module_preset=&#8220;default&#8220; custom_padding_tablet=&#8220;||||false|false&#8220; locked=&#8220;off&#8220; collapsed=&#8220;on&#8220; global_colors_info=&#8220;{}&#8220;][et_pb_row column_structure=&#8220;3_4,1_4&#8243; custom_padding_last_edited=&#8220;on|tablet&#8220; _builder_version=&#8220;4.22.1&#8243; _module_preset=&#8220;default&#8220; max_width=&#8220;1280px&#8220; custom_padding_tablet=&#8220;||0px||false|false&#8220; custom_padding_phone=&#8220;||0px||false|false&#8220; global_colors_info=&#8220;{}&#8220;][et_pb_column type=&#8220;3_4&#8243; _builder_version=&#8220;4.22.1&#8243; _module_preset=&#8220;default&#8220; global_colors_info=&#8220;{}&#8220;][et_pb_image src=&#8220;https:\/\/tierfotografie-schweiz.ch\/wp-content\/uploads\/2026\/02\/Vera-Bracher_nelehphoto-4_web.jpg&#8220; alt=&#8220;Hundeshooting im Winter&#8220; title_text=&#8220;Hundeshooting im Winter_web&#8220; _builder_version=&#8220;4.27.6&#8243; _module_preset=&#8220;default&#8220; custom_margin=&#8220;||-30%||false|false&#8220; custom_margin_tablet=&#8220;||0%||false|false&#8220; custom_margin_phone=&#8220;||0%||false|false&#8220; custom_margin_last_edited=&#8220;on|desktop&#8220; scroll_horizontal_motion_enable=&#8220;on&#8220; scroll_horizontal_motion=&#8220;0|50|50|100|0.5|0|-0.5&#8243; locked=&#8220;off&#8220; global_colors_info=&#8220;{}&#8220;][\/et_pb_image][\/et_pb_column][et_pb_column type=&#8220;1_4&#8243; _builder_version=&#8220;4.22.1&#8243; _module_preset=&#8220;default&#8220; global_colors_info=&#8220;{}&#8220;][\/et_pb_column][\/et_pb_row][et_pb_row column_structure=&#8220;1_3,2_3&#8243; _builder_version=&#8220;4.27.6&#8243; _module_preset=&#8220;default&#8220; global_colors_info=&#8220;{}&#8220;][et_pb_column type=&#8220;1_3&#8243; _builder_version=&#8220;4.22.1&#8243; _module_preset=&#8220;default&#8220; global_colors_info=&#8220;{}&#8220;][\/et_pb_column][et_pb_column type=&#8220;2_3&#8243; _builder_version=&#8220;4.22.1&#8243; _module_preset=&#8220;default&#8220; background_color=&#8220;gcid-fb7185f0-febc-426c-87a9-b6e9798849ab&#8220; custom_padding=&#8220;40px|40px|40px|40px|true|true&#8220; custom_padding_tablet=&#8220;30px|30px|30px|30px|true|true&#8220; custom_padding_phone=&#8220;20px|20px|20px|20px|true|true&#8220; custom_padding_last_edited=&#8220;on|desktop&#8220; global_colors_info=&#8220;{%22gcid-fb7185f0-febc-426c-87a9-b6e9798849ab%22:%91%22background_color%22%93}&#8220;][et_pb_text _builder_version=&#8220;4.27.6&#8243; _module_preset=&#8220;8412fb0e-1f53-4ab5-83db-74c8e5891252&#8243; header_2_text_color=&#8220;#FFFFFF&#8220; custom_margin=&#8220;||10px||false|false&#8220; locked=&#8220;off&#8220; global_colors_info=&#8220;{}&#8220;]<\/p>\n<h2>Bergseele &amp; High-End-Fokus<\/h2>\n<p>[\/et_pb_text][et_pb_text _builder_version=&#8220;4.27.6&#8243; _module_preset=&#8220;eeea24ad-b572-4650-90b6-008ff9988fbd&#8220; header_6_text_color=&#8220;#FFFFFF&#8220; locked=&#8220;off&#8220; global_colors_info=&#8220;{}&#8220;]<\/p>\n<h6>Wo wilde Outdoor-Abenteuer auf zeitlose Fotokunst treffen.<\/h6>\n<p>[\/et_pb_text][et_pb_text _builder_version=&#8220;4.27.6&#8243; _module_preset=&#8220;d48114ea-f8fa-4974-94ad-1bd17ad318cf&#8220; text_text_color=&#8220;#FFFFFF&#8220; locked=&#8220;off&#8220; global_colors_info=&#8220;{}&#8220;]<\/p>\n<p data-path-to-node=\"4\">F\u00fcr mich ist die Fotografie weit mehr als das Dr\u00fccken eines Ausl\u00f6sers. Meine Mission ist es, die unsichtbare Verbindung zwischen dir und deinem Tier in Kunstwerke zu verwandeln, die den Charakter und die Seele eurer Freundschaft widerspiegeln.<\/p>\n<p data-path-to-node=\"5\">Egal, ob wir das rohe, ungefilterte Abenteuer bei einer Bergwanderung erleben oder in einem klassischen Shooting mit kreativer Lichtf\u00fchrung\u00a0das Besondere suchen: Am Ende z\u00e4hlt nur, dass du dich in diesen Bildern wiederfindest. Ich m\u00f6chte, dass du nicht nur ein Foto betrachtest, sondern das Schnauben deines Pferdes h\u00f6rst, den Wind der Alpen auf deiner Haut sp\u00fcrst und die bedingungslose Treue deines Hundes in jedem Pixel wiederfindest.<\/p>\n<p data-path-to-node=\"6\">Lass uns gemeinsam Erinnerungen erschaffen, deren Wert mit jedem Jahr, das vergeht, nur noch gr\u00f6sser wird.<\/p>\n<p>[\/et_pb_text][et_pb_text _builder_version=&#8220;4.27.6&#8243; _module_preset=&#8220;eeea24ad-b572-4650-90b6-008ff9988fbd&#8220; header_6_text_color=&#8220;#FFFFFF&#8220; locked=&#8220;off&#8220; global_colors_info=&#8220;{}&#8220;]<\/p>\n<h6>Bereit f\u00fcr dein eigenes Highlight?<\/h6>\n<p>[\/et_pb_text][et_pb_text _builder_version=&#8220;4.27.6&#8243; _module_preset=&#8220;d48114ea-f8fa-4974-94ad-1bd17ad318cf&#8220; text_text_color=&#8220;#FFFFFF&#8220; locked=&#8220;off&#8220; global_colors_info=&#8220;{}&#8220;]<\/p>\n<p data-path-to-node=\"4\">Jede Geschichte ist einzigartig \u2013 egal ob sie auf einem Berggipfel oder bei einem edlen Portr\u00e4tshooting erz\u00e4hlt wird. Ich freue mich darauf, gemeinsam mit dir eure ganz pers\u00f6nliche Route zu planen oder dein Tier in einem ganz neuen Licht zu inszenieren.<\/p>\n<p>[\/et_pb_text][et_pb_button button_url=&#8220;@ET-DC@eyJkeW5hbWljIjp0cnVlLCJjb250ZW50IjoicG9zdF9saW5rX3VybF9wYWdlIiwic2V0dGluZ3MiOnsicG9zdF9pZCI6IjIxMyJ9fQ==@&#8220; button_text=&#8220;Jetzt unverbindlich anfragen&#8220; _builder_version=&#8220;4.27.6&#8243; _dynamic_attributes=&#8220;button_url&#8220; _module_preset=&#8220;7b2400a8-0d1c-42ea-9bec-820f9e80bd3c&#8220; locked=&#8220;off&#8220; global_colors_info=&#8220;{}&#8220;][\/et_pb_button][\/et_pb_column][\/et_pb_row][\/et_pb_section][et_pb_section fb_built=&#8220;1&#8243; admin_label=&#8220;Call to Action&#8220; _builder_version=&#8220;4.27.6&#8243; _module_preset=&#8220;default&#8220; background_image=&#8220;https:\/\/tierfotografie-schweiz.ch\/wp-content\/uploads\/2026\/02\/Janine_Reto_neleh.photo-57.jpg&#8220; background_position=&#8220;center_left&#8220; custom_padding=&#8220;0px||0px||true|false&#8220; locked=&#8220;off&#8220; collapsed=&#8220;on&#8220; global_colors_info=&#8220;{}&#8220;][et_pb_row _builder_version=&#8220;4.27.5&#8243; _module_preset=&#8220;default&#8220; background_enable_image=&#8220;off&#8220; parallax=&#8220;on&#8220; width=&#8220;100%&#8220; max_width=&#8220;none&#8220; custom_padding=&#8220;15%|10%|10%|10%|false|true&#8220; global_colors_info=&#8220;{}&#8220;][et_pb_column type=&#8220;4_4&#8243; _builder_version=&#8220;4.22.1&#8243; _module_preset=&#8220;default&#8220; global_colors_info=&#8220;{}&#8220;][et_pb_text _builder_version=&#8220;4.27.6&#8243; _module_preset=&#8220;8412fb0e-1f53-4ab5-83db-74c8e5891252&#8243; header_2_text_color=&#8220;#000000&#8243; text_orientation=&#8220;right&#8220; width=&#8220;60%&#8220; module_alignment=&#8220;right&#8220; custom_margin=&#8220;||10px||false|false&#8220; global_colors_info=&#8220;{}&#8220;]<\/p>\n<h2><span style=\"color: #808080;\">Schreib mir einfach eine Nachricht und erz\u00e4hl mir von deinem Herzensprojekt.<\/span><\/h2>\n<p>[\/et_pb_text][et_pb_button button_url=&#8220;@ET-DC@eyJkeW5hbWljIjp0cnVlLCJjb250ZW50IjoicG9zdF9saW5rX3VybF9wYWdlIiwic2V0dGluZ3MiOnsicG9zdF9pZCI6IjIxMyJ9fQ==@&#8220; button_text=&#8220;Der erste Schritt&#8220; button_alignment=&#8220;right&#8220; _builder_version=&#8220;4.27.6&#8243; _dynamic_attributes=&#8220;button_url&#8220; _module_preset=&#8220;7b2400a8-0d1c-42ea-9bec-820f9e80bd3c&#8220; global_colors_info=&#8220;{}&#8220;][\/et_pb_button][\/et_pb_column][\/et_pb_row][\/et_pb_section]<\/p>\n","protected":false},"excerpt":{"rendered":"<p>About MeAm liebsten bin ich dort, wo der Handyempfang schwindet und die Verbindung zur Natur w\u00e4chst.Mein Herz schl\u00e4gt f\u00fcr die raue Sch\u00f6nheit der Schweizer Alpen und f\u00fcr die ehrlichen Momente, die wir dort oben mit unseren Tieren teilen. Draussen zu sein bedeutet f\u00fcr mich weit mehr als nur frische Luft \u2013 es ist die Stille, [&hellip;]<\/p>\n","protected":false},"author":1,"featured_media":0,"parent":0,"menu_order":0,"comment_status":"closed","ping_status":"closed","template":"","meta":{"_et_pb_use_builder":"on","_et_pb_old_content":"","_et_gb_content_width":"","_monsterinsights_skip_tracking":false,"_monsterinsights_sitenote_active":false,"_monsterinsights_sitenote_note":"","_monsterinsights_sitenote_category":0,"footnotes":""},"class_list":["post-176","page","type-page","status-publish","hentry"],"yoast_head":"<!-- This site is optimized with the Yoast SEO plugin v27.4 - https:\/\/yoast.com\/product\/yoast-seo-wordpress\/ -->\n<title>about me - Tierfotografie Schweiz<\/title>\n<meta name=\"robots\" content=\"index, follow, max-snippet:-1, max-image-preview:large, max-video-preview:-1\" \/>\n<link rel=\"canonical\" href=\"https:\/\/tierfotografie-schweiz.ch\/?page_id=176\" \/>\n<meta property=\"og:locale\" content=\"de_DE\" \/>\n<meta property=\"og:type\" content=\"article\" \/>\n<meta property=\"og:title\" content=\"about me - Tierfotografie Schweiz\" \/>\n<meta property=\"og:description\" content=\"About MeAm liebsten bin ich dort, wo der Handyempfang schwindet und die Verbindung zur Natur w\u00e4chst.Mein Herz schl\u00e4gt f\u00fcr die raue Sch\u00f6nheit der Schweizer Alpen und f\u00fcr die ehrlichen Momente, die wir dort oben mit unseren Tieren teilen. Draussen zu sein bedeutet f\u00fcr mich weit mehr als nur frische Luft \u2013 es ist die Stille, [&hellip;]\" \/>\n<meta property=\"og:url\" content=\"https:\/\/tierfotografie-schweiz.ch\/?page_id=176\" \/>\n<meta property=\"og:site_name\" content=\"Tierfotografie Schweiz\" \/>\n<meta property=\"article:modified_time\" content=\"2026-03-26T17:53:36+00:00\" \/>\n<meta name=\"twitter:card\" content=\"summary_large_image\" \/>\n<script type=\"application\/ld+json\" class=\"yoast-schema-graph\">{\"@context\":\"https:\\\/\\\/schema.org\",\"@graph\":[{\"@type\":\"WebPage\",\"@id\":\"https:\\\/\\\/tierfotografie-schweiz.ch\\\/?page_id=176\",\"url\":\"https:\\\/\\\/tierfotografie-schweiz.ch\\\/?page_id=176\",\"name\":\"about me - Tierfotografie Schweiz\",\"isPartOf\":{\"@id\":\"https:\\\/\\\/tierfotografie-schweiz.ch\\\/#website\"},\"datePublished\":\"2026-03-15T16:22:03+00:00\",\"dateModified\":\"2026-03-26T17:53:36+00:00\",\"breadcrumb\":{\"@id\":\"https:\\\/\\\/tierfotografie-schweiz.ch\\\/?page_id=176#breadcrumb\"},\"inLanguage\":\"de\",\"potentialAction\":[{\"@type\":\"ReadAction\",\"target\":[\"https:\\\/\\\/tierfotografie-schweiz.ch\\\/?page_id=176\"]}]},{\"@type\":\"BreadcrumbList\",\"@id\":\"https:\\\/\\\/tierfotografie-schweiz.ch\\\/?page_id=176#breadcrumb\",\"itemListElement\":[{\"@type\":\"ListItem\",\"position\":1,\"name\":\"Start\",\"item\":\"https:\\\/\\\/tierfotografie-schweiz.ch\\\/\"},{\"@type\":\"ListItem\",\"position\":2,\"name\":\"about me\"}]},{\"@type\":\"WebSite\",\"@id\":\"https:\\\/\\\/tierfotografie-schweiz.ch\\\/#website\",\"url\":\"https:\\\/\\\/tierfotografie-schweiz.ch\\\/\",\"name\":\"Tierfotografie Schweiz\",\"description\":\"Tierfotografie Schweiz\",\"potentialAction\":[{\"@type\":\"SearchAction\",\"target\":{\"@type\":\"EntryPoint\",\"urlTemplate\":\"https:\\\/\\\/tierfotografie-schweiz.ch\\\/?s={search_term_string}\"},\"query-input\":{\"@type\":\"PropertyValueSpecification\",\"valueRequired\":true,\"valueName\":\"search_term_string\"}}],\"inLanguage\":\"de\"}]}<\/script>\n<!-- \/ Yoast SEO plugin. -->","yoast_head_json":{"title":"about me - Tierfotografie Schweiz","robots":{"index":"index","follow":"follow","max-snippet":"max-snippet:-1","max-image-preview":"max-image-preview:large","max-video-preview":"max-video-preview:-1"},"canonical":"https:\/\/tierfotografie-schweiz.ch\/?page_id=176","og_locale":"de_DE","og_type":"article","og_title":"about me - Tierfotografie Schweiz","og_description":"About MeAm liebsten bin ich dort, wo der Handyempfang schwindet und die Verbindung zur Natur w\u00e4chst.Mein Herz schl\u00e4gt f\u00fcr die raue Sch\u00f6nheit der Schweizer Alpen und f\u00fcr die ehrlichen Momente, die wir dort oben mit unseren Tieren teilen. Draussen zu sein bedeutet f\u00fcr mich weit mehr als nur frische Luft \u2013 es ist die Stille, [&hellip;]","og_url":"https:\/\/tierfotografie-schweiz.ch\/?page_id=176","og_site_name":"Tierfotografie Schweiz","article_modified_time":"2026-03-26T17:53:36+00:00","twitter_card":"summary_large_image","schema":{"@context":"https:\/\/schema.org","@graph":[{"@type":"WebPage","@id":"https:\/\/tierfotografie-schweiz.ch\/?page_id=176","url":"https:\/\/tierfotografie-schweiz.ch\/?page_id=176","name":"about me - Tierfotografie Schweiz","isPartOf":{"@id":"https:\/\/tierfotografie-schweiz.ch\/#website"},"datePublished":"2026-03-15T16:22:03+00:00","dateModified":"2026-03-26T17:53:36+00:00","breadcrumb":{"@id":"https:\/\/tierfotografie-schweiz.ch\/?page_id=176#breadcrumb"},"inLanguage":"de","potentialAction":[{"@type":"ReadAction","target":["https:\/\/tierfotografie-schweiz.ch\/?page_id=176"]}]},{"@type":"BreadcrumbList","@id":"https:\/\/tierfotografie-schweiz.ch\/?page_id=176#breadcrumb","itemListElement":[{"@type":"ListItem","position":1,"name":"Start","item":"https:\/\/tierfotografie-schweiz.ch\/"},{"@type":"ListItem","position":2,"name":"about me"}]},{"@type":"WebSite","@id":"https:\/\/tierfotografie-schweiz.ch\/#website","url":"https:\/\/tierfotografie-schweiz.ch\/","name":"Tierfotografie Schweiz","description":"Tierfotografie Schweiz","potentialAction":[{"@type":"SearchAction","target":{"@type":"EntryPoint","urlTemplate":"https:\/\/tierfotografie-schweiz.ch\/?s={search_term_string}"},"query-input":{"@type":"PropertyValueSpecification","valueRequired":true,"valueName":"search_term_string"}}],"inLanguage":"de"}]}},"_links":{"self":[{"href":"https:\/\/tierfotografie-schweiz.ch\/index.php?rest_route=\/wp\/v2\/pages\/176","targetHints":{"allow":["GET"]}}],"collection":[{"href":"https:\/\/tierfotografie-schweiz.ch\/index.php?rest_route=\/wp\/v2\/pages"}],"about":[{"href":"https:\/\/tierfotografie-schweiz.ch\/index.php?rest_route=\/wp\/v2\/types\/page"}],"author":[{"embeddable":true,"href":"https:\/\/tierfotografie-schweiz.ch\/index.php?rest_route=\/wp\/v2\/users\/1"}],"replies":[{"embeddable":true,"href":"https:\/\/tierfotografie-schweiz.ch\/index.php?rest_route=%2Fwp%2Fv2%2Fcomments&post=176"}],"version-history":[{"count":6,"href":"https:\/\/tierfotografie-schweiz.ch\/index.php?rest_route=\/wp\/v2\/pages\/176\/revisions"}],"predecessor-version":[{"id":302,"href":"https:\/\/tierfotografie-schweiz.ch\/index.php?rest_route=\/wp\/v2\/pages\/176\/revisions\/302"}],"wp:attachment":[{"href":"https:\/\/tierfotografie-schweiz.ch\/index.php?rest_route=%2Fwp%2Fv2%2Fmedia&parent=176"}],"curies":[{"name":"wp","href":"https:\/\/api.w.org\/{rel}","templated":true}]}}